{"id":414,"date":"2025-12-07T17:38:58","date_gmt":"2025-12-07T21:38:58","guid":{"rendered":"https:\/\/www.soumissionsassurance.com\/accueil-2\/"},"modified":"2026-02-05T17:55:17","modified_gmt":"2026-02-05T21:55:17","slug":"accueil-2","status":"publish","type":"page","link":"https:\/\/soumissionsassurance.com\/","title":{"rendered":"Accueil"},"content":{"rendered":"\n<div class=\"wp-block-group alignfull has-background-background-color has-background has-global-padding is-layout-constrained wp-container-core-group-is-layout-832022f9 wp-block-group-is-layout-constrained\" style=\"margin-top:0;margin-bottom:0;padding-top:0;padding-right:0;padding-bottom:0;padding-left:0\">\n<div class=\"wp-block-cover alignfull\" style=\"padding-right:var(--wp--preset--spacing--30);padding-left:var(--wp--preset--spacing--30)\"><img loading=\"lazy\" decoding=\"async\" width=\"1440\" height=\"960\" class=\"wp-block-cover__image-background wp-image-428\" alt=\"\" src=\"https:\/\/www.soumissionsassurance.com\/wp-content\/uploads\/2025\/12\/437fb2233122b382ba794ad455d29f3f7fa6f68c.jpg\" data-object-fit=\"cover\" srcset=\"https:\/\/soumissionsassurance.com\/wp-content\/uploads\/2025\/12\/437fb2233122b382ba794ad455d29f3f7fa6f68c.jpg 1440w, https:\/\/soumissionsassurance.com\/wp-content\/uploads\/2025\/12\/437fb2233122b382ba794ad455d29f3f7fa6f68c-300x200.jpg 300w, https:\/\/soumissionsassurance.com\/wp-content\/uploads\/2025\/12\/437fb2233122b382ba794ad455d29f3f7fa6f68c-1024x683.jpg 1024w, https:\/\/soumissionsassurance.com\/wp-content\/uploads\/2025\/12\/437fb2233122b382ba794ad455d29f3f7fa6f68c-768x512.jpg 768w\" sizes=\"auto, (max-width: 1440px) 100vw, 1440px\" \/><span aria-hidden=\"true\" class=\"wp-block-cover__background has-black-background-color has-background-dim-60 has-background-dim\"><\/span><div class=\"wp-block-cover__inner-container is-layout-flow wp-block-cover-is-layout-flow\">\n<div class=\"wp-block-group has-global-padding is-content-justification-center is-layout-constrained wp-container-core-group-is-layout-341fba95 wp-block-group-is-layout-constrained\" style=\"padding-top:var(--wp--preset--spacing--80);padding-right:0;padding-bottom:var(--wp--preset--spacing--80);padding-left:0\">\n<h2 class=\"wp-block-heading has-text-align-center\">Comparer vos assurances.<br>Trouvez la meilleure offre.<\/h2>\n\n\n\n<div class=\"wp-block-group alignwide is-vertical is-content-justification-center is-layout-flex wp-container-core-group-is-layout-ce155fab wp-block-group-is-layout-flex\">\n<div class=\"wp-block-group alignwide has-global-padding is-content-justification-left is-layout-constrained wp-container-core-group-is-layout-12dd3699 wp-block-group-is-layout-constrained\">\n<p class=\"has-text-align-center has-white-color has-text-color\" style=\"margin-top:16px\">Remplissez un seul formulaire et recevez rapidement des soumissions personnalis\u00e9es de plusieurs assureurs.<br>Conservez vos informations pour simplifier vos renouvellements futurs.<\/p>\n<\/div>\n<\/div>\n\n\n\n<div class=\"wp-block-columns is-layout-flex wp-container-core-columns-is-layout-28f84493 wp-block-columns-is-layout-flex\">\n<div class=\"wp-block-column is-layout-flow wp-block-column-is-layout-flow\"><\/div>\n<\/div>\n\n\n<div style=\"text-align:center; margin-top:25px;\"><a href=\"https:\/\/soumissionsassurance.com\/creer-votre-compte\/\" \n        style=\"display:inline-block; padding:16px 32px; background:#5a3b2e; color:white; \n        border-radius:8px; text-decoration:none; font-weight:bold; font-size:18px;\">\n        Obtenir mes soumissions\n    <\/a><br><br><a href=\"https:\/\/soumissionsassurance.com\/?action=login&#038;redirect_to=https%3A%2F%2Fsoumissionsassurance.com%2Fmon-dossier%2F\" \n        style=\"display:inline-block; padding:14px 28px; background:#e2e8f0; color:#1e293b; \n        border-radius:8px; text-decoration:none; font-weight:bold; font-size:16px;\">\n        \ud83d\udd10 D\u00e9j\u00e0 client ? Acc\u00e9der \u00e0 votre dossier\n    <\/a><\/div>\n\n\n\n<p class=\"has-text-align-center\">Simple \u00b7 Gratuit \u00b7 Sans obligation \u00b7 R\u00e9utilisable l\u2019an prochain<\/p>\n<\/div>\n<\/div><\/div>\n<\/div>\n\n\n\n<div class=\"wp-block-group alignfull has-tertiary-background-color has-background has-global-padding is-layout-constrained wp-container-core-group-is-layout-7276a2bb wp-block-group-is-layout-constrained\" style=\"margin-top:0;margin-bottom:0;padding-top:var(--wp--preset--spacing--60);padding-right:var(--wp--preset--spacing--30);padding-bottom:var(--wp--preset--spacing--60);padding-left:var(--wp--preset--spacing--30)\">\n<div class=\"wp-block-group alignwide has-global-padding is-content-justification-center is-layout-constrained wp-block-group-is-layout-constrained\">\n<h2 class=\"wp-block-heading has-text-align-center has-large-font-size\">Un processus simple en 3 \u00e9tapes<\/h2>\n\n\n\n<p class=\"has-text-align-center\" style=\"margin-top:16px\">Voici comment notre service fonctionne pour vous simplifier la comparaison d\u2019assurances.<\/p>\n<\/div>\n\n\n\n<div class=\"wp-block-columns alignwide is-layout-flex wp-container-core-columns-is-layout-5b525043 wp-block-columns-is-layout-flex\">\n<div class=\"wp-block-column is-layout-flow wp-block-column-is-layout-flow\">\n<figure class=\"wp-block-image aligncenter size-large ext-aspect-landscape wp-duotone-primary-foreground\"><img decoding=\"async\" src=\"data:image\/svg+xml;base64,PHN2ZyB4bWxucz0iaHR0cDovL3d3dy53My5vcmcvMjAwMC9zdmciIHdpZHRoPSI0OCIgaGVpZ2h0PSI0OCIgZmlsbD0ibm9uZSIgdmlld0JveD0iMCAwIDQ4IDQ4Ij48bWFzayBpZD0iYSIgd2lkdGg9IjQ4IiBoZWlnaHQ9IjQ4IiB4PSIwIiB5PSIwIiBtYXNrVW5pdHM9InVzZXJTcGFjZU9uVXNlIiBzdHlsZT0ibWFzay10eXBlOmFscGhhIj48cGF0aCBmaWxsPSIjRDlEOUQ5IiBkPSJNMCAwaDQ4djQ4SDB6Ii8+PC9tYXNrPjxnIG1hc2s9InVybCgjYSkiPjxwYXRoIGZpbGw9IiM1RjYzNjgiIGQ9Ik0zMiAzOGMtMS4yIDAtMi4zNTgtLjE0Mi0zLjQ3NS0uNDI1QTEzLjExNSAxMy4xMTUgMCAwIDEgMjUuNCAzNi4zNWMxLjkzMy0xLjUgMy40MzMtMy4zMjUgNC41LTUuNDc1QTE1LjI2MiAxNS4yNjIgMCAwIDAgMzEuNSAyNGExNS4yNiAxNS4yNiAwIDAgMC0xLjYtNi44NzVjLTEuMDY3LTIuMTUtMi41NjctMy45NzUtNC41LTUuNDc1YTEzLjExNSAxMy4xMTUgMCAwIDEgMy4xMjUtMS4yMjVBMTQuMDc3IDE0LjA3NyAwIDAgMSAzMiAxMGMzLjkgMCA3LjIwOCAxLjM1OCA5LjkyNSA0LjA3NUM0NC42NDIgMTYuNzkyIDQ2IDIwLjEgNDYgMjRjMCAzLjktMS4zNTggNy4yMDgtNC4wNzUgOS45MjVDMzkuMjA4IDM2LjY0MiAzNS45IDM4IDMyIDM4Wm0tMTYgMGMtMy45IDAtNy4yMDgtMS4zNTgtOS45MjUtNC4wNzVDMy4zNTggMzEuMjA4IDIgMjcuOSAyIDI0YzAtMy45IDEuMzU4LTcuMjA4IDQuMDc1LTkuOTI1QzguNzkyIDExLjM1OCAxMi4xIDEwIDE2IDEwYzEuMiAwIDIuMzU4LjE0MiAzLjQ3NS40MjUgMS4xMTcuMjgzIDIuMTU4LjY5MiAzLjEyNSAxLjIyNS0uNDMzLjMzMy0uODMzLjY4My0xLjIgMS4wNXMtLjczMy43NS0xLjEgMS4xNWExMi40MzEgMTIuNDMxIDAgMCAwLTIuMDc1LS42MjVBMTAuODM0IDEwLjgzNCAwIDAgMCAxNiAxM2MtMy4wMzMgMC01LjYyNSAxLjA2Ny03Ljc3NSAzLjJDNi4wNzUgMTguMzMzIDUgMjAuOTMzIDUgMjRjMCAzLjAzMyAxLjA3NSA1LjYyNSAzLjIyNSA3Ljc3NUMxMC4zNzUgMzMuOTI1IDEyLjk2NyAzNSAxNiAzNWMuNzY3IDAgMS41MDgtLjA3NSAyLjIyNS0uMjI1LjcxNy0uMTUgMS40MDgtLjM1OCAyLjA3NS0uNjI1LjM2Ny40LjczMy43ODMgMS4xIDEuMTUuMzY3LjM2Ny43NjcuNzE3IDEuMiAxLjA1LS45NjcuNTMzLTIuMDA4Ljk0Mi0zLjEyNSAxLjIyNUExNC4wNzcgMTQuMDc3IDAgMCAxIDE2IDM4Wm04LTIuNWExMy40NDkgMTMuNDQ5IDAgMCAxLTQuNDI1LTVBMTMuOTY3IDEzLjk2NyAwIDAgMSAxOCAyNGMwLTIuMy41MjUtNC40NjcgMS41NzUtNi41YTEzLjQ0OSAxMy40NDkgMCAwIDEgNC40MjUtNWMxLjkgMS4zIDMuMzc1IDIuOTY3IDQuNDI1IDVBMTMuOTY3IDEzLjk2NyAwIDAgMSAzMCAyNGMwIDIuMy0uNTI1IDQuNDY3LTEuNTc1IDYuNWExMy40NDkgMTMuNDQ5IDAgMCAxLTQuNDI1IDVaIi8+PC9nPjwvc3ZnPg==\" alt=\"\" style=\"object-fit:cover\"\/><\/figure>\n\n\n\n<h3 class=\"wp-block-heading has-text-align-center\" style=\"margin-top:24px;font-size:clamp(14px, 0.875rem + ((1vw - 3.2px) * 0.625), 20px);line-height:1.5\">Remplissez votre profil<\/h3>\n\n\n\n<p class=\"has-text-align-center has-small-font-size\" style=\"margin-top:8px\">Indiquez vos informations une seule fois gr\u00e2ce \u00e0 notre formulaire rapide et s\u00e9curis\u00e9.<\/p>\n<\/div>\n\n\n\n<div class=\"wp-block-column is-layout-flow wp-block-column-is-layout-flow\">\n<figure class=\"wp-block-image aligncenter size-large ext-aspect-landscape wp-duotone-primary-foreground\"><img decoding=\"async\" src=\"data:image\/svg+xml;base64,PHN2ZyB4bWxucz0iaHR0cDovL3d3dy53My5vcmcvMjAwMC9zdmciIHdpZHRoPSI0OCIgaGVpZ2h0PSI0OCIgZmlsbD0ibm9uZSIgdmlld0JveD0iMCAwIDQ4IDQ4Ij48bWFzayBpZD0iYSIgd2lkdGg9IjQ4IiBoZWlnaHQ9IjQ4IiB4PSIwIiB5PSIwIiBtYXNrVW5pdHM9InVzZXJTcGFjZU9uVXNlIiBzdHlsZT0ibWFzay10eXBlOmFscGhhIj48cGF0aCBmaWxsPSIjRDlEOUQ5IiBkPSJNMCAwaDQ4djQ4SDB6Ii8+PC9tYXNrPjxnIG1hc2s9InVybCgjYSkiPjxwYXRoIGZpbGw9IiM1RjYzNjgiIGQ9Ik0xOS44NSAyMS44Yy41NTMgMCAxLjAxNi0uMTg3IDEuMzktLjU2LjM3My0uMzc0LjU2LS44MzcuNTYtMS4zOSAwLS41NTMtLjE4Ny0xLjAxNi0uNTYtMS4zOS0uMzc0LS4zNzMtLjgzNy0uNTYtMS4zOS0uNTYtLjU1MyAwLTEuMDE2LjE4Ny0xLjM5LjU2LS4zNzMuMzc0LS41Ni44MzctLjU2IDEuMzkgMCAuNTUzLjE4NyAxLjAxNi41NiAxLjM5LjM3NC4zNzMuODM3LjU2IDEuMzkuNTZabTAgOC4zNWMuNTUzIDAgMS4wMTYtLjE4NyAxLjM5LS41Ni4zNzMtLjM3NC41Ni0uODM3LjU2LTEuMzkgMC0uNTUzLS4xODctMS4wMTYtLjU2LTEuMzktLjM3NC0uMzczLS44MzctLjU2LTEuMzktLjU2LS41NTMgMC0xLjAxNi4xODctMS4zOS41Ni0uMzczLjM3NC0uNTYuODM3LS41NiAxLjM5IDAgLjU1My4xODcgMS4wMTYuNTYgMS4zOS4zNzQuMzczLjgzNy41NiAxLjM5LjU2Wm0tNi40NS05LjFjLjMyIDAgLjYtLjEyLjg0LS4zNnMuMzYtLjUyLjM2LS44NGMwLS4zMi0uMTItLjYtLjM2LS44NHMtLjUyLS4zNi0uODQtLjM2Yy0uMzIgMC0uNi4xMi0uODQuMzZzLS4zNi41Mi0uMzYuODRjMCAuMzIuMTIuNi4zNi44NHMuNTIuMzYuODQuMzZabTYuNDI4IDE0LjhjLjMxNSAwIC41OTctLjEyLjg0Ny0uMzZzLjM3NS0uNTIuMzc1LS44NGMwLS4zMi0uMTIyLS42LS4zNjQtLjg0YTEuMTcxIDEuMTcxIDAgMCAwLS44NS0uMzZjLS4zMjQgMC0uNjAzLjEyLS44MzYuMzYtLjIzMy4yNC0uMzUuNTItLjM1Ljg0IDAgLjMyLjExOC42LjM1NC44NC4yMzUuMjQuNTEuMzYuODI0LjM2Wk0xMy40IDI5LjRjLjMyIDAgLjYtLjEyLjg0LS4zNnMuMzYtLjUyLjM2LS44NGMwLS4zMi0uMTItLjYtLjM2LS44NHMtLjUyLS4zNi0uODQtLjM2Yy0uMzIgMC0uNi4xMi0uODQuMzZzLS4zNi41Mi0uMzYuODRjMCAuMzIuMTIuNi4zNi44NHMuNTIuMzYuODQuMzZabTYuNDUtMTQuOGMuMzIgMCAuNi0uMTIuODQtLjM2cy4zNi0uNTIuMzYtLjg0YzAtLjMyLS4xMi0uNi0uMzYtLjg0cy0uNTItLjM2LS44NC0uMzZjLS4zMiAwLS42LjEyLS44NC4zNnMtLjM2LjUyLS4zNi44NGMwIC4zMi4xMi42LjM2Ljg0cy41Mi4zNi44NC4zNlptOC4zNSA3LjJjLjU1MyAwIDEuMDE2LS4xODcgMS4zOS0uNTYuMzczLS4zNzQuNTYtLjgzNy41Ni0xLjM5IDAtLjU1My0uMTg3LTEuMDE2LS41Ni0xLjM5LS4zNzQtLjM3My0uODM3LS41Ni0xLjM5LS41Ni0uNTUzIDAtMS4wMTYuMTg3LTEuMzkuNTYtLjM3My4zNzQtLjU2LjgzNy0uNTYgMS4zOSAwIC41NTMuMTg3IDEuMDE2LjU2IDEuMzkuMzc0LjM3My44MzcuNTYgMS4zOS41NlptMC03LjJjLjMyIDAgLjYtLjEyLjg0LS4zNnMuMzYtLjUyLjM2LS44NGMwLS4zMi0uMTItLjYtLjM2LS44NHMtLjUyLS4zNi0uODQtLjM2Yy0uMzIgMC0uNi4xMi0uODQuMzZzLS4zNi41Mi0uMzYuODRjMCAuMzIuMTIuNi4zNi44NHMuNTIuMzYuODQuMzZabTYuNDUgMTQuOGMuMzIgMCAuNi0uMTIuODQtLjM2cy4zNi0uNTIuMzYtLjg0YzAtLjMyLS4xMi0uNi0uMzYtLjg0cy0uNTItLjM2LS44NC0uMzZjLS4zMiAwLS42LjEyLS44NC4zNnMtLjM2LjUyLS4zNi44NGMwIC4zMi4xMi42LjM2Ljg0cy41Mi4zNi44NC4zNlptMC04LjM1Yy4zMiAwIC42LS4xMi44NC0uMzZzLjM2LS41Mi4zNi0uODRjMC0uMzItLjEyLS42LS4zNi0uODRzLS41Mi0uMzYtLjg0LS4zNmMtLjMyIDAtLjYuMTItLjg0LjM2cy0uMzYuNTItLjM2Ljg0YzAgLjMyLjEyLjYuMzYuODRzLjUyLjM2Ljg0LjM2Wk0yNCA0NGMtMi43NjcgMC01LjM2Ny0uNTI1LTcuOC0xLjU3NS0yLjQzMy0xLjA1LTQuNTUtMi40NzUtNi4zNS00LjI3NS0xLjgtMS44LTMuMjI1LTMuOTE3LTQuMjc1LTYuMzVDNC41MjUgMjkuMzY3IDQgMjYuNzY3IDQgMjRjMC0yLjc2Ny41MjUtNS4zNjcgMS41NzUtNy44IDEuMDUtMi40MzMgMi40NzUtNC41NSA0LjI3NS02LjM1IDEuOC0xLjggMy45MTctMy4yMjUgNi4zNS00LjI3NUMxOC42MzMgNC41MjUgMjEuMjMzIDQgMjQgNGMyLjc2NyAwIDUuMzY3LjUyNSA3LjggMS41NzUgMi40MzMgMS4wNSA0LjU1IDIuNDc1IDYuMzUgNC4yNzUgMS44IDEuOCAzLjIyNSAzLjkxNyA0LjI3NSA2LjM1QzQzLjQ3NSAxOC42MzMgNDQgMjEuMjMzIDQ0IDI0YzAgMi43NjctLjUyNSA1LjM2Ny0xLjU3NSA3LjgtMS4wNSAyLjQzMy0yLjQ3NSA0LjU1LTQuMjc1IDYuMzUtMS44IDEuOC0zLjkxNyAzLjIyNS02LjM1IDQuMjc1QzI5LjM2NyA0My40NzUgMjYuNzY3IDQ0IDI0IDQ0Wm0uMDI1LTNjNC42ODMgMCA4LjY4My0xLjY1OCAxMi00Ljk3NUMzOS4zNDIgMzIuNzA4IDQxIDI4LjcgNDEgMjRzLTEuNjU4LTguNzA4LTQuOTc1LTEyLjAyNUMzMi43MDggOC42NTggMjguNzA4IDcgMjQuMDI1IDdTMTUuMzMzIDguNjU4IDEyIDExLjk3NUM4LjY2NyAxNS4yOTIgNyAxOS4zIDcgMjRzMS42NjcgOC43MDggNSAxMi4wMjVTMTkuMzQyIDQxIDI0LjAyNSA0MVptNC4xNzUtNS4xNWMuMzIgMCAuNi0uMTIuODQtLjM2cy4zNi0uNTIuMzYtLjg0YzAtLjMyLS4xMi0uNi0uMzYtLjg0cy0uNTItLjM2LS44NC0uMzZjLS4zMiAwLS42LjEyLS44NC4zNnMtLjM2LjUyLS4zNi44NGMwIC4zMi4xMi42LjM2Ljg0cy41Mi4zNi44NC4zNlptMC01LjdjLjU1MyAwIDEuMDE2LS4xODcgMS4zOS0uNTYuMzczLS4zNzQuNTYtLjgzNy41Ni0xLjM5IDAtLjU1My0uMTg3LTEuMDE2LS41Ni0xLjM5LS4zNzQtLjM3My0uODM3LS41Ni0xLjM5LS41Ni0uNTUzIDAtMS4wMTYuMTg3LTEuMzkuNTYtLjM3My4zNzQtLjU2LjgzNy0uNTYgMS4zOSAwIC41NTMuMTg3IDEuMDE2LjU2IDEuMzkuMzc0LjM3My44MzcuNTYgMS4zOS41NloiLz48L2c+PC9zdmc+\" alt=\"\" style=\"object-fit:cover\"\/><\/figure>\n\n\n\n<h3 class=\"wp-block-heading has-text-align-center\" style=\"margin-top:24px;font-size:clamp(14px, 0.875rem + ((1vw - 3.2px) * 0.625), 20px);line-height:1.5\">Nous comparons pour vous<\/h3>\n\n\n\n<p class=\"has-text-align-center has-small-font-size\" style=\"margin-top:8px\">Nous transmettons votre demande \u00e0 plusieurs assureurs partenaires afin d\u2019obtenir les meilleures offres.<\/p>\n<\/div>\n\n\n\n<div class=\"wp-block-column is-layout-flow wp-block-column-is-layout-flow\">\n<figure class=\"wp-block-image aligncenter size-large ext-aspect-landscape wp-duotone-primary-foreground\"><img decoding=\"async\" src=\"data:image\/svg+xml;base64,PHN2ZyB4bWxucz0iaHR0cDovL3d3dy53My5vcmcvMjAwMC9zdmciIHdpZHRoPSI0OCIgaGVpZ2h0PSI0OCIgZmlsbD0ibm9uZSIgdmlld0JveD0iMCAwIDQ4IDQ4Ij48bWFzayBpZD0iYSIgd2lkdGg9IjQ4IiBoZWlnaHQ9IjQ4IiB4PSIwIiB5PSIwIiBtYXNrVW5pdHM9InVzZXJTcGFjZU9uVXNlIiBzdHlsZT0ibWFzay10eXBlOmFscGhhIj48cGF0aCBmaWxsPSIjRDlEOUQ5IiBkPSJNMCAwaDQ4djQ4SDB6Ii8+PC9tYXNrPjxnIG1hc2s9InVybCgjYSkiPjxwYXRoIGZpbGw9IiM1RjYzNjgiIGQ9Ik0zOC4zMyAxNy4zYy0xLjg1MyAwLTMuNDcyLS41ODMtNC44NTUtMS43NS0xLjM4My0xLjE2Ny0yLjI1OC0yLjYzMy0yLjYyNS00LjRIMTcuMWE3LjQyNSA3LjQyNSAwIDAgMS0yLjA3NSAzLjg3NUE3LjQyNSA3LjQyNSAwIDAgMSAxMS4xNSAxNy4xdjEzLjc1YzEuNzY3LjM2NyAzLjIzMyAxLjI0IDQuNCAyLjYyIDEuMTY3IDEuMzggMS43NSAzLjAwNyAxLjc1IDQuODggMCAyLjEzMy0uNzQ5IDMuOTQyLTIuMjQ3IDUuNDI1QzEzLjU1NSA0NS4yNTggMTEuNzUzIDQ2IDkuNjUgNDZjLTIuMTMzIDAtMy45NDItLjc0Mi01LjQyNS0yLjIyNUMyLjc0MiA0Mi4yOTIgMiA0MC40NzcgMiAzOC4zMzFjMC0xLjg1NC41ODMtMy40NzMgMS43NS00Ljg1NnMyLjYzMy0yLjI1OCA0LjQtMi42MjVWMTcuMWMtMS43NjctLjM2Ny0zLjIzMy0xLjIzMy00LjQtMi42QzIuNTgzIDEzLjEzMyAyIDExLjUgMiA5LjZjMC0yLjA5Ljc0NC0zLjg4IDIuMjMyLTUuMzY3QzUuNzIxIDIuNzQ0IDcuNTEgMiA5LjYgMmMxLjkgMCAzLjUzMy41ODMgNC45IDEuNzUgMS4zNjcgMS4xNjcgMi4yMzMgMi42MzMgMi42IDQuNGgxMy43NWMuMzY3LTEuNzY3IDEuMjQtMy4yMzMgMi42Mi00LjRDMzQuODUgMi41ODMgMzYuNDc3IDIgMzguMzUgMmMyLjEzMyAwIDMuOTQyLjc0MiA1LjQyNSAyLjIyNUM0NS4yNTggNS43MDggNDYgNy41MDggNDYgOS42MjVjMCAyLjExNy0uNzQyIDMuOTI1LTIuMjI1IDUuNDI1cy0zLjI5OCAyLjI1LTUuNDQ0IDIuMjVaTTkuNTg3IDQzYzEuMjk2IDAgMi40MDYtLjQ1IDMuMzI5LTEuMzUuOTIzLS45IDEuMzg1LTEuOTc4IDEuMzg1LTMuMjM2IDAtMS4yOTYtLjQ2Mi0yLjQwNi0xLjM4NS0zLjMyOVMxMC44ODIgMzMuNyA5LjU4NSAzMy43Yy0xLjI1NyAwLTIuMzM1LjQ2Mi0zLjIzNSAxLjM4NS0uOS45MjMtMS4zNSAyLjAzMy0xLjM1IDMuMzMgMCAxLjI1Ny40NSAyLjMzNSAxLjM1IDMuMjM1LjkuOSAxLjk3OSAxLjM1IDMuMjM2IDEuMzVabTAtMjguN2MxLjI5NiAwIDIuNDA2LS40NiAzLjMyOS0xLjM4LjkyMy0uOTIgMS4zODUtMi4wMjcgMS4zODUtMy4zMiAwLTEuMjY1LS40NjItMi4zNDgtMS4zODUtMy4yNDhDMTEuOTkyIDUuNDUgMTAuODgyIDUgOS41ODUgNSA4LjMyOSA1IDcuMjUgNS40NSA2LjM1IDYuMzUxIDUuNDUgNy4yNTIgNSA4LjMzNSA1IDkuNmMwIDEuMjkzLjQ1IDIuNCAxLjM1IDMuMzIuOS45MiAxLjk3OSAxLjM4IDMuMjM2IDEuMzhaTTM4LjQgNDZjLTIuMTE4IDAtMy45My0uNzQ0LTUuNDM4LTIuMjMzQzMxLjQ1NCA0Mi4yOCAzMC43IDQwLjQ5IDMwLjcgMzguNGMwLTIuMTE3Ljc1Mi0zLjkzIDIuMjU2LTUuNDM4IDEuNTA1LTEuNTA4IDMuMzEzLTIuMjYyIDUuNDI1LTIuMjYyIDIuMTEzIDAgMy45MS43NTIgNS4zOTQgMi4yNTZDNDUuMjU4IDM0LjQ2MiA0NiAzNi4yNyA0NiAzOC4zODFjMCAyLjExMy0uNzQ0IDMuOTEtMi4yMzMgNS4zOTRDNDIuMjggNDUuMjU4IDQwLjQ5IDQ2IDM4LjQgNDZabTAtM2MxLjI2NSAwIDIuMzQ4LS40NSAzLjI0OC0xLjM1LjkwMS0uOSAxLjM1Mi0xLjk3OCAxLjM1Mi0zLjIzNiAwLTEuMjk2LS40NS0yLjQwNi0xLjM1Mi0zLjMyOS0uOS0uOTIzLTEuOTgzLTEuMzg1LTMuMjQ4LTEuMzg1LTEuMjkzIDAtMi40LjQ2Mi0zLjMyIDEuMzg1LS45Mi45MjMtMS4zOCAyLjAzMy0xLjM4IDMuMzMgMCAxLjI1Ny40NiAyLjMzNSAxLjM4IDMuMjM1LjkyLjkgMi4wMjcgMS4zNSAzLjMyIDEuMzVabTAtMjguN2MxLjI2NSAwIDIuMzQ4LS40NiAzLjI0OC0xLjM4QzQyLjU1IDEyIDQzIDEwLjg5MiA0MyA5LjZjMC0xLjI2NS0uNDUtMi4zNDgtMS4zNTItMy4yNDhDNDAuNzQ4IDUuNDUgMzkuNjY2IDUgMzguNCA1Yy0xLjI5MyAwLTIuNC40NS0zLjMyIDEuMzUxLS45Mi45MDEtMS4zOCAxLjk4NC0xLjM4IDMuMjQ5IDAgMS4yOTMuNDYgMi40IDEuMzggMy4zMi45Mi45MiAyLjAyNyAxLjM4IDMuMzIgMS4zOFoiLz48L2c+PC9zdmc+\" alt=\"\" style=\"object-fit:cover\"\/><\/figure>\n\n\n\n<h3 class=\"wp-block-heading has-text-align-center\" style=\"margin-top:24px;font-size:clamp(14px, 0.875rem + ((1vw - 3.2px) * 0.625), 20px);line-height:1.5\">Recevez vos offres<\/h3>\n\n\n\n<p class=\"has-text-align-center has-small-font-size\" style=\"margin-top:8px\">Comparez les propositions re\u00e7ues et choisissez celle qui vous convient le mieux, sans pression.<\/p>\n<\/div>\n<\/div>\n\n\n\n<h5 class=\"wp-block-heading has-text-align-center\" style=\"border-style:none;border-width:0px;margin-top:var(--wp--preset--spacing--20);margin-right:0;margin-bottom:var(--wp--preset--spacing--20);margin-left:0\"><strong>Gagnez du temps chaque ann\u00e9e<\/strong><\/h5>\n\n\n\n<p class=\"has-text-align-center\" style=\"border-style:none;border-width:0px;margin-top:0;margin-right:var(--wp--preset--spacing--70);margin-bottom:0;margin-left:var(--wp--preset--spacing--70);padding-top:0;padding-right:0;padding-bottom:0;padding-left:0\">Vos informations peuvent \u00eatre conserv\u00e9es en toute s\u00e9curit\u00e9 pour vos futures demandes. Plus besoin de tout recommencer : mettez simplement vos donn\u00e9es \u00e0 jour et recevez de nouvelles soumissions en quelques minutes.<\/p>\n\n\n\n<div class=\"wp-block-columns is-layout-flex wp-container-core-columns-is-layout-28f84493 wp-block-columns-is-layout-flex\">\n<div class=\"wp-block-column is-layout-flow wp-block-column-is-layout-flow\">\n\n<\/div>\n\n\n\n<div class=\"wp-block-column is-layout-flow wp-block-column-is-layout-flow\">\n<p class=\"has-text-align-center\" style=\"border-style:none;border-width:0px;margin-top:0;margin-bottom:0\"><strong><mark style=\"background-color:rgba(0, 0, 0, 0)\" class=\"has-inline-color has-foreground-color\">Mise \u00e0 jour rapide<\/mark><\/strong><\/p>\n\n\n\n<p class=\"has-text-align-center\" style=\"margin-top:var(--wp--preset--spacing--30);margin-bottom:var(--wp--preset--spacing--30)\">L\u2019an prochain, mettez simplement vos donn\u00e9es \u00e0 jour au lieu de tout recommencer.<\/p>\n<\/div>\n\n\n\n<div class=\"wp-block-column is-layout-flow wp-block-column-is-layout-flow\">\n<p class=\"has-text-align-center\" style=\"border-style:none;border-width:0px;border-top-left-radius:0px;border-top-right-radius:0px;border-bottom-left-radius:0px;border-bottom-right-radius:0px;padding-top:0;padding-right:0;padding-bottom:0;padding-left:0\"><strong><mark style=\"background-color:rgba(0, 0, 0, 0)\" class=\"has-inline-color has-foreground-color\">Dossier toujours accessible<\/mark><\/strong><\/p>\n\n\n\n<p class=\"has-text-align-center\" style=\"margin-top:0;margin-right:0;margin-bottom:0;margin-left:0\">Votre dossier reste accessible en tout temps pour refaire une soumission en quelques clics.<\/p>\n<\/div>\n<\/div>\n<\/div>\n","protected":false},"excerpt":{"rendered":"<p>Un processus simple en 3 \u00e9tapes Voici comment notre service fonctionne pour vous simplifier la comparaison d\u2019assurances. Remplissez votre profil Indiquez vos informations une seule fois gr\u00e2ce \u00e0 notre formulaire rapide et s\u00e9curis\u00e9. Nous comparons pour vous Nous transmettons votre demande \u00e0 plusieurs assureurs partenaires afin d\u2019obtenir les meilleures offres. Recevez vos offres Comparez les [&hellip;]<\/p>\n","protected":false},"author":1,"featured_media":0,"parent":0,"menu_order":0,"comment_status":"closed","ping_status":"closed","template":"no-title","meta":{"footnotes":""},"class_list":["post-414","page","type-page","status-publish","hentry"],"aioseo_notices":[],"_links":{"self":[{"href":"https:\/\/soumissionsassurance.com\/index.php?rest_route=\/wp\/v2\/pages\/414","targetHints":{"allow":["GET"]}}],"collection":[{"href":"https:\/\/soumissionsassurance.com\/index.php?rest_route=\/wp\/v2\/pages"}],"about":[{"href":"https:\/\/soumissionsassurance.com\/index.php?rest_route=\/wp\/v2\/types\/page"}],"author":[{"embeddable":true,"href":"https:\/\/soumissionsassurance.com\/index.php?rest_route=\/wp\/v2\/users\/1"}],"replies":[{"embeddable":true,"href":"https:\/\/soumissionsassurance.com\/index.php?rest_route=%2Fwp%2Fv2%2Fcomments&post=414"}],"version-history":[{"count":63,"href":"https:\/\/soumissionsassurance.com\/index.php?rest_route=\/wp\/v2\/pages\/414\/revisions"}],"predecessor-version":[{"id":873,"href":"https:\/\/soumissionsassurance.com\/index.php?rest_route=\/wp\/v2\/pages\/414\/revisions\/873"}],"wp:attachment":[{"href":"https:\/\/soumissionsassurance.com\/index.php?rest_route=%2Fwp%2Fv2%2Fmedia&parent=414"}],"curies":[{"name":"wp","href":"https:\/\/api.w.org\/{rel}","templated":true}]}}